{"id":1958,"date":"2022-09-12T12:58:43","date_gmt":"2022-09-12T10:58:43","guid":{"rendered":"https:\/\/dev.kiwanisbelux.net\/golden-club\/"},"modified":"2022-10-21T10:02:01","modified_gmt":"2022-10-21T08:02:01","slug":"golden-club","status":"publish","type":"page","link":"https:\/\/kiwanisbelux.site\/nl\/over-ons\/golden-club\/","title":{"rendered":"Golden Club"},"content":{"rendered":"<p>[et_pb_section fb_built=&#8221;1&#8243; admin_label=&#8221;section&#8221; _builder_version=&#8221;4.16&#8243; global_colors_info=&#8221;{}&#8221;][et_pb_row _builder_version=&#8221;4.18.0&#8243; _module_preset=&#8221;default&#8221;][et_pb_column _builder_version=&#8221;4.18.0&#8243; _module_preset=&#8221;default&#8221; type=&#8221;4_4&#8243;][et_pb_text _builder_version=&#8221;4.18.0&#8243; _module_preset=&#8221;default&#8221; hover_enabled=&#8221;0&#8243; sticky_enabled=&#8221;0&#8243;]<\/p>\n<h2>Ontdek de GKC &#8220;Pays de Herve Golden Club Euregio&#8221; Hoe is die ontstaan?<\/h2>\n<p>[\/et_pb_text][\/et_pb_column][\/et_pb_row][et_pb_row admin_label=&#8221;row&#8221; _builder_version=&#8221;4.16&#8243; background_size=&#8221;initial&#8221; background_position=&#8221;top_left&#8221; background_repeat=&#8221;repeat&#8221; global_colors_info=&#8221;{}&#8221; column_structure=&#8221;1_2,1_2&#8243;][et_pb_column type=&#8221;1_2&#8243; _builder_version=&#8221;4.16&#8243; custom_padding=&#8221;|||&#8221; global_colors_info=&#8221;{}&#8221; custom_padding__hover=&#8221;|||&#8221;][et_pb_text admin_label=&#8221;Text&#8221; _builder_version=&#8221;4.18.0&#8243; background_size=&#8221;initial&#8221; background_position=&#8221;top_left&#8221; background_repeat=&#8221;repeat&#8221; hover_enabled=&#8221;0&#8243; global_colors_info=&#8221;{}&#8221; sticky_enabled=&#8221;0&#8243;]<\/p>\n<p>Cette cat\u00e9gorie de Club Kiwanis, bien connue aux USA, est relativement r\u00e9cente dans notre District puisque le premier Golden Kiwanis Club (GKC) belge a \u00e9t\u00e9 chart\u00e9 en 2009.<br \/>Deze nieuwe clubvorm is bedoeld om mensen bijeen te brengen die nog niet de gelegenheid hebben gehad om lid te zijn van een Kiwanis Club, bijvoorbeeld vanwege hun vele beroeps- of gezinsverplichtingen.<\/p>\n<p>Golden Clubs staan open voor dynamische, actieve 65-plussers die vriendschap willen delen in een Kiwanis Club.<\/p>\n<p><img loading=\"lazy\" decoding=\"async\" class=\"alignnone size-medium wp-image-1495\" src=\"https:\/\/dev.kiwanisbelux.net\/wp-content\/uploads\/2021\/09\/GKC_2-300x225.jpg\" alt=\"\" width=\"300\" height=\"225\" srcset=\"https:\/\/kiwanisbelux.site\/wp-content\/uploads\/2021\/09\/GKC_2-300x225.jpg 300w, https:\/\/kiwanisbelux.site\/wp-content\/uploads\/2021\/09\/GKC_2-200x150.jpg 200w, https:\/\/kiwanisbelux.site\/wp-content\/uploads\/2021\/09\/GKC_2.jpg 400w\" sizes=\"(max-width: 300px) 100vw, 300px\" \/><\/p>\n<p>Zij komen \u00e9\u00e9n keer per maand samen tijdens de lunch, wat bijzonder geschikt is voor deze leeftijdsgroep! De partners zijn ook zeer welkom. Deze gezellige bijeenkomst maakt vaak deel uit van een activiteit (wandeling, bezoek, conferentie, enz.).<\/p>\n<address><\/address>\n<p>[\/et_pb_text][\/et_pb_column][et_pb_column _builder_version=&#8221;4.18.0&#8243; _module_preset=&#8221;default&#8221; type=&#8221;1_2&#8243;][et_pb_text _builder_version=&#8221;4.18.0&#8243; _module_preset=&#8221;default&#8221; hover_enabled=&#8221;0&#8243; sticky_enabled=&#8221;0&#8243;]<\/p>\n<p>De Kiwanis Club Welkenraedt-3-F is gesticht in 1979. Deze grote club was en is nog altijd zeer aktief.<br \/>Na enkele tientallen jaren van bestaan hadden enkele leden de club verlaten omdat ze niet meer twee keer per week wilden samenkomen, &#8230; Ze richtten een <strong>&#8220;CAK&#8221;<\/strong> op: een <strong>C<\/strong>lub van <strong>K<\/strong>iwanis <strong>A<\/strong>lumni, die nog steeds bestaat.<br \/>En op een dag hoort August Cormann over <strong>GKC<\/strong>. Hij vond dat dit concept paste bij de gewoonten van de KAC en hij wilde terugkeren naar de Kiwanis-familie. Hij nam het initiatief om deze GKC op te richten. Dit werd zeer snel gerealiseerd (club georganiseerd op 12\/06\/2012, gecharterd op 8\/09 van hetzelfde jaar) en is succesvol. Er zijn momenteel 27 leden (waarvan slechts 5 Kiwani\u00ebrs).<\/p>\n<p><img loading=\"lazy\" decoding=\"async\" class=\"alignnone size-medium wp-image-1498\" src=\"https:\/\/dev.kiwanisbelux.net\/wp-content\/uploads\/2021\/09\/GKC-300x224.jpg\" alt=\"\" width=\"300\" height=\"224\" srcset=\"https:\/\/kiwanisbelux.site\/wp-content\/uploads\/2021\/09\/GKC-300x224.jpg 300w, https:\/\/kiwanisbelux.site\/wp-content\/uploads\/2021\/09\/GKC-200x150.jpg 200w, https:\/\/kiwanisbelux.site\/wp-content\/uploads\/2021\/09\/GKC.jpg 400w\" sizes=\"(max-width: 300px) 100vw, 300px\" \/><\/p>\n<p>Als u ge\u00efnteresseerd bent, aarzel dan niet om de &#8216;Pays de Herve Golden Club Euregio&#8217; te bezoeken. U zult versteld staan van hun enthousiasme!<\/p>\n<address>Hubert Chantraine,<br \/>een lid van een van de sponsorclubs die dit traject aan den lijve heeft ondervonden.<\/address>\n<p>[\/et_pb_text][\/et_pb_column][\/et_pb_row][\/et_pb_section]<\/p>\n","protected":false},"excerpt":{"rendered":"<p>Ontdek de GKC &#8220;Pays de Herve Golden Club Euregio&#8221; Hoe is die ontstaan?Cette cat\u00e9gorie de Club Kiwanis, bien connue aux USA, est relativement r\u00e9cente dans notre District puisque le premier [&hellip;]<\/p>\n","protected":false},"author":1,"featured_media":2388,"parent":1619,"menu_order":15,"comment_status":"closed","ping_status":"closed","template":"","meta":{"_et_pb_use_builder":"on","_et_pb_old_content":"","_et_gb_content_width":"","iawp_total_views":0,"footnotes":""},"class_list":["post-1958","page","type-page","status-publish","has-post-thumbnail","hentry"],"yoast_head":"<!-- This site is optimized with the Yoast SEO plugin v27.4 - https:\/\/yoast.com\/product\/yoast-seo-wordpress\/ -->\n<title>Golden Club - Kiwanis Belgium-Luxembourg<\/title>\n<meta name=\"robots\" content=\"noindex, follow, max-snippet:-1, max-image-preview:large, max-video-preview:-1\" \/>\n<meta property=\"og:locale\" content=\"nl_NL\" \/>\n<meta property=\"og:type\" content=\"article\" \/>\n<meta property=\"og:title\" content=\"Golden Club - Kiwanis Belgium-Luxembourg\" \/>\n<meta property=\"og:description\" content=\"Ontdek de GKC &quot;Pays de Herve Golden Club Euregio&quot; Hoe is die ontstaan?Cette cat\u00e9gorie de Club Kiwanis, bien connue aux USA, est relativement r\u00e9cente dans notre District puisque le premier [&hellip;]\" \/>\n<meta property=\"og:url\" content=\"https:\/\/kiwanisbelux.site\/nl\/over-ons\/golden-club\/\" \/>\n<meta property=\"og:site_name\" content=\"Kiwanis Belgium-Luxembourg\" \/>\n<meta property=\"article:modified_time\" content=\"2022-10-21T08:02:01+00:00\" \/>\n<meta property=\"og:image\" content=\"https:\/\/kiwanisbelux.site\/wp-content\/uploads\/2022\/10\/Ontmoeting.jpeg\" \/>\n\t<meta property=\"og:image:width\" content=\"1701\" \/>\n\t<meta property=\"og:image:height\" content=\"865\" \/>\n\t<meta property=\"og:image:type\" content=\"image\/jpeg\" \/>\n<meta name=\"twitter:card\" content=\"summary_large_image\" \/>\n<meta name=\"twitter:label1\" content=\"Geschatte leestijd\" \/>\n\t<meta name=\"twitter:data1\" content=\"2 minuten\" \/>\n<script type=\"application\/ld+json\" class=\"yoast-schema-graph\">{\"@context\":\"https:\\\/\\\/schema.org\",\"@graph\":[{\"@type\":\"WebPage\",\"@id\":\"https:\\\/\\\/kiwanisbelux.site\\\/nl\\\/over-ons\\\/golden-club\\\/\",\"url\":\"https:\\\/\\\/kiwanisbelux.site\\\/nl\\\/over-ons\\\/golden-club\\\/\",\"name\":\"Golden Club - Kiwanis Belgium-Luxembourg\",\"isPartOf\":{\"@id\":\"https:\\\/\\\/kiwanisbelux.site\\\/nl\\\/#website\"},\"primaryImageOfPage\":{\"@id\":\"https:\\\/\\\/kiwanisbelux.site\\\/nl\\\/over-ons\\\/golden-club\\\/#primaryimage\"},\"image\":{\"@id\":\"https:\\\/\\\/kiwanisbelux.site\\\/nl\\\/over-ons\\\/golden-club\\\/#primaryimage\"},\"thumbnailUrl\":\"https:\\\/\\\/kiwanisbelux.site\\\/wp-content\\\/uploads\\\/2022\\\/10\\\/Ontmoeting.jpeg\",\"datePublished\":\"2022-09-12T10:58:43+00:00\",\"dateModified\":\"2022-10-21T08:02:01+00:00\",\"breadcrumb\":{\"@id\":\"https:\\\/\\\/kiwanisbelux.site\\\/nl\\\/over-ons\\\/golden-club\\\/#breadcrumb\"},\"inLanguage\":\"nl-NL\",\"potentialAction\":[{\"@type\":\"ReadAction\",\"target\":[\"https:\\\/\\\/kiwanisbelux.site\\\/nl\\\/over-ons\\\/golden-club\\\/\"]}]},{\"@type\":\"ImageObject\",\"inLanguage\":\"nl-NL\",\"@id\":\"https:\\\/\\\/kiwanisbelux.site\\\/nl\\\/over-ons\\\/golden-club\\\/#primaryimage\",\"url\":\"https:\\\/\\\/kiwanisbelux.site\\\/wp-content\\\/uploads\\\/2022\\\/10\\\/Ontmoeting.jpeg\",\"contentUrl\":\"https:\\\/\\\/kiwanisbelux.site\\\/wp-content\\\/uploads\\\/2022\\\/10\\\/Ontmoeting.jpeg\",\"width\":1701,\"height\":865},{\"@type\":\"BreadcrumbList\",\"@id\":\"https:\\\/\\\/kiwanisbelux.site\\\/nl\\\/over-ons\\\/golden-club\\\/#breadcrumb\",\"itemListElement\":[{\"@type\":\"ListItem\",\"position\":1,\"name\":\"Home\",\"item\":\"https:\\\/\\\/kiwanisbelux.site\\\/nl\\\/\"},{\"@type\":\"ListItem\",\"position\":2,\"name\":\"Over ons\",\"item\":\"https:\\\/\\\/kiwanisbelux.site\\\/nl\\\/a-propos\\\/\"},{\"@type\":\"ListItem\",\"position\":3,\"name\":\"Golden Club\"}]},{\"@type\":\"WebSite\",\"@id\":\"https:\\\/\\\/kiwanisbelux.site\\\/nl\\\/#website\",\"url\":\"https:\\\/\\\/kiwanisbelux.site\\\/nl\\\/\",\"name\":\"Kiwanis Belgium-Luxembourg\",\"description\":\"Serving the Children of the Worls\",\"publisher\":{\"@id\":\"https:\\\/\\\/kiwanisbelux.site\\\/nl\\\/#organization\"},\"potentialAction\":[{\"@type\":\"SearchAction\",\"target\":{\"@type\":\"EntryPoint\",\"urlTemplate\":\"https:\\\/\\\/kiwanisbelux.site\\\/nl\\\/?s={search_term_string}\"},\"query-input\":{\"@type\":\"PropertyValueSpecification\",\"valueRequired\":true,\"valueName\":\"search_term_string\"}}],\"inLanguage\":\"nl-NL\"},{\"@type\":\"Organization\",\"@id\":\"https:\\\/\\\/kiwanisbelux.site\\\/nl\\\/#organization\",\"name\":\"Kiwanis\",\"url\":\"https:\\\/\\\/kiwanisbelux.site\\\/nl\\\/\",\"logo\":{\"@type\":\"ImageObject\",\"inLanguage\":\"nl-NL\",\"@id\":\"https:\\\/\\\/kiwanisbelux.site\\\/nl\\\/#\\\/schema\\\/logo\\\/image\\\/\",\"url\":\"https:\\\/\\\/dev.kiwanisbelux.net\\\/wp-content\\\/uploads\\\/2021\\\/04\\\/kiwanis-logo@2x.png\",\"contentUrl\":\"https:\\\/\\\/dev.kiwanisbelux.net\\\/wp-content\\\/uploads\\\/2021\\\/04\\\/kiwanis-logo@2x.png\",\"width\":555,\"height\":100,\"caption\":\"Kiwanis\"},\"image\":{\"@id\":\"https:\\\/\\\/kiwanisbelux.site\\\/nl\\\/#\\\/schema\\\/logo\\\/image\\\/\"}}]}<\/script>\n<!-- \/ Yoast SEO plugin. -->","yoast_head_json":{"title":"Golden Club - Kiwanis Belgium-Luxembourg","robots":{"index":"noindex","follow":"follow","max-snippet":"max-snippet:-1","max-image-preview":"max-image-preview:large","max-video-preview":"max-video-preview:-1"},"og_locale":"nl_NL","og_type":"article","og_title":"Golden Club - Kiwanis Belgium-Luxembourg","og_description":"Ontdek de GKC \"Pays de Herve Golden Club Euregio\" Hoe is die ontstaan?Cette cat\u00e9gorie de Club Kiwanis, bien connue aux USA, est relativement r\u00e9cente dans notre District puisque le premier [&hellip;]","og_url":"https:\/\/kiwanisbelux.site\/nl\/over-ons\/golden-club\/","og_site_name":"Kiwanis Belgium-Luxembourg","article_modified_time":"2022-10-21T08:02:01+00:00","og_image":[{"width":1701,"height":865,"url":"https:\/\/kiwanisbelux.site\/wp-content\/uploads\/2022\/10\/Ontmoeting.jpeg","type":"image\/jpeg"}],"twitter_card":"summary_large_image","twitter_misc":{"Geschatte leestijd":"2 minuten"},"schema":{"@context":"https:\/\/schema.org","@graph":[{"@type":"WebPage","@id":"https:\/\/kiwanisbelux.site\/nl\/over-ons\/golden-club\/","url":"https:\/\/kiwanisbelux.site\/nl\/over-ons\/golden-club\/","name":"Golden Club - Kiwanis Belgium-Luxembourg","isPartOf":{"@id":"https:\/\/kiwanisbelux.site\/nl\/#website"},"primaryImageOfPage":{"@id":"https:\/\/kiwanisbelux.site\/nl\/over-ons\/golden-club\/#primaryimage"},"image":{"@id":"https:\/\/kiwanisbelux.site\/nl\/over-ons\/golden-club\/#primaryimage"},"thumbnailUrl":"https:\/\/kiwanisbelux.site\/wp-content\/uploads\/2022\/10\/Ontmoeting.jpeg","datePublished":"2022-09-12T10:58:43+00:00","dateModified":"2022-10-21T08:02:01+00:00","breadcrumb":{"@id":"https:\/\/kiwanisbelux.site\/nl\/over-ons\/golden-club\/#breadcrumb"},"inLanguage":"nl-NL","potentialAction":[{"@type":"ReadAction","target":["https:\/\/kiwanisbelux.site\/nl\/over-ons\/golden-club\/"]}]},{"@type":"ImageObject","inLanguage":"nl-NL","@id":"https:\/\/kiwanisbelux.site\/nl\/over-ons\/golden-club\/#primaryimage","url":"https:\/\/kiwanisbelux.site\/wp-content\/uploads\/2022\/10\/Ontmoeting.jpeg","contentUrl":"https:\/\/kiwanisbelux.site\/wp-content\/uploads\/2022\/10\/Ontmoeting.jpeg","width":1701,"height":865},{"@type":"BreadcrumbList","@id":"https:\/\/kiwanisbelux.site\/nl\/over-ons\/golden-club\/#breadcrumb","itemListElement":[{"@type":"ListItem","position":1,"name":"Home","item":"https:\/\/kiwanisbelux.site\/nl\/"},{"@type":"ListItem","position":2,"name":"Over ons","item":"https:\/\/kiwanisbelux.site\/nl\/a-propos\/"},{"@type":"ListItem","position":3,"name":"Golden Club"}]},{"@type":"WebSite","@id":"https:\/\/kiwanisbelux.site\/nl\/#website","url":"https:\/\/kiwanisbelux.site\/nl\/","name":"Kiwanis Belgium-Luxembourg","description":"Serving the Children of the Worls","publisher":{"@id":"https:\/\/kiwanisbelux.site\/nl\/#organization"},"potentialAction":[{"@type":"SearchAction","target":{"@type":"EntryPoint","urlTemplate":"https:\/\/kiwanisbelux.site\/nl\/?s={search_term_string}"},"query-input":{"@type":"PropertyValueSpecification","valueRequired":true,"valueName":"search_term_string"}}],"inLanguage":"nl-NL"},{"@type":"Organization","@id":"https:\/\/kiwanisbelux.site\/nl\/#organization","name":"Kiwanis","url":"https:\/\/kiwanisbelux.site\/nl\/","logo":{"@type":"ImageObject","inLanguage":"nl-NL","@id":"https:\/\/kiwanisbelux.site\/nl\/#\/schema\/logo\/image\/","url":"https:\/\/dev.kiwanisbelux.net\/wp-content\/uploads\/2021\/04\/kiwanis-logo@2x.png","contentUrl":"https:\/\/dev.kiwanisbelux.net\/wp-content\/uploads\/2021\/04\/kiwanis-logo@2x.png","width":555,"height":100,"caption":"Kiwanis"},"image":{"@id":"https:\/\/kiwanisbelux.site\/nl\/#\/schema\/logo\/image\/"}}]}},"_links":{"self":[{"href":"https:\/\/kiwanisbelux.site\/nl\/wp-json\/wp\/v2\/pages\/1958","targetHints":{"allow":["GET"]}}],"collection":[{"href":"https:\/\/kiwanisbelux.site\/nl\/wp-json\/wp\/v2\/pages"}],"about":[{"href":"https:\/\/kiwanisbelux.site\/nl\/wp-json\/wp\/v2\/types\/page"}],"author":[{"embeddable":true,"href":"https:\/\/kiwanisbelux.site\/nl\/wp-json\/wp\/v2\/users\/1"}],"replies":[{"embeddable":true,"href":"https:\/\/kiwanisbelux.site\/nl\/wp-json\/wp\/v2\/comments?post=1958"}],"version-history":[{"count":0,"href":"https:\/\/kiwanisbelux.site\/nl\/wp-json\/wp\/v2\/pages\/1958\/revisions"}],"up":[{"embeddable":true,"href":"https:\/\/kiwanisbelux.site\/nl\/wp-json\/wp\/v2\/pages\/1619"}],"wp:featuredmedia":[{"embeddable":true,"href":"https:\/\/kiwanisbelux.site\/nl\/wp-json\/wp\/v2\/media\/2388"}],"wp:attachment":[{"href":"https:\/\/kiwanisbelux.site\/nl\/wp-json\/wp\/v2\/media?parent=1958"}],"curies":[{"name":"wp","href":"https:\/\/api.w.org\/{rel}","templated":true}]}}