{"id":3248,"date":"2022-10-21T09:30:33","date_gmt":"2022-10-21T07:30:33","guid":{"rendered":"https:\/\/dev.kiwanisbelux.net\/message-du-gouverneur\/"},"modified":"2022-10-21T09:30:34","modified_gmt":"2022-10-21T07:30:34","slug":"message-du-gouverneur","status":"publish","type":"page","link":"https:\/\/kiwanisbelux.site\/nl\/message-du-gouverneur\/","title":{"rendered":"Message du Gouverneur"},"content":{"rendered":"\n[et_pb_section fb_built=&#8221;1&#8243; _builder_version=&#8221;4.16&#8243; global_colors_info=&#8221;{}&#8221; theme_builder_area=&#8221;post_content&#8221;][et_pb_row _builder_version=&#8221;4.18.0&#8243; _module_preset=&#8221;default&#8221; theme_builder_area=&#8221;post_content&#8221; column_structure=&#8221;1_2,1_2&#8243; hover_enabled=&#8221;0&#8243; sticky_enabled=&#8221;0&#8243;][et_pb_column _builder_version=&#8221;4.18.0&#8243; _module_preset=&#8221;default&#8221; type=&#8221;1_2&#8243; theme_builder_area=&#8221;post_content&#8221;][et_pb_text _builder_version=&#8221;4.18.0&#8243; _module_preset=&#8221;default&#8221; theme_builder_area=&#8221;post_content&#8221; hover_enabled=&#8221;0&#8243; sticky_enabled=&#8221;0&#8243;]<p>Chers ami(e)s KIWANIE(NE)S,<\/p>\n<p>Aujourd\u2019hui marque le d\u00e9but de la nouvelle ann\u00e9e KIWANIS dans notre District BELGIQUE-LUXEMBOURG.<br>Je remercie chacun d\u2019entre vous pour votre engagement. J\u2019ai bien s\u00fbr l\u2019intention de poursuivre les initiatives prises dans le cadre du mandat de mes pr\u00e9d\u00e9cesseurs, et je voudrais profiter de cette occasion pour exprimer une fois de plus mes remerciements \u00e0 Michel pour son engagement et l\u2019 agr\u00e9able coop\u00e9ration au cours de la derni\u00e8re ann\u00e9e Kiwanis.<\/p>\n<p>Sur le site, vous trouverez le plan strat\u00e9gique 2022 &#8211; 2027, et c\u2019est invariablement l\u2019intention d\u2019en r\u00e9aliser une grande partie au cours de cette ann\u00e9e Kiwanis.<\/p>\n<p>Nous allons encore \u00e9tendre le service de pr\u00eat pour les clubs (drapeaux, tentes, mat\u00e9riel de marketing), et je suis confiant qu\u2019il y aura un site Web renouvel\u00e9 avant le Nouvel An.<\/p>[\/et_pb_text][\/et_pb_column][et_pb_column _builder_version=&#8221;4.18.0&#8243; _module_preset=&#8221;default&#8221; type=&#8221;1_2&#8243; theme_builder_area=&#8221;post_content&#8221;][et_pb_text _builder_version=&#8221;4.18.0&#8243; _module_preset=&#8221;default&#8221; theme_builder_area=&#8221;post_content&#8221; hover_enabled=&#8221;0&#8243; sticky_enabled=&#8221;0&#8243;]<p>Nous travaillons sur une nouvelle base de donn\u00e9es DOL 2.0, li\u00e9e \u00e0 un certain nombre d\u2019APPS qui seront mises gratuitement \u00e0 la disposition des Clubs. Les clubs qui souhaitent utiliser la plateforme web du District pourront \u00e9galement le faire gratuitement.<\/p>\n<p>J\u2019appelle les 4 000 Kiwaniens \u00e0 se joindre \u00e0 la recherche des jeunes, car eux seuls peuvent assurer la survie de notre organisation. J\u2019aimerais donc cr\u00e9er au moins 1 club de jeunes par division. Votre lieutenant-gouverneur est le personnage cl\u00e9 \u00e0 coordonner.<br>De plus, je vous souhaite beaucoup de satisfaction et de &#8221; FUN \u00bb dans votre engagement envers votre propre Club.<\/p>\n<p><strong><span> <\/span><\/strong><strong>FRIENDSHIP THROUGH SERVICE !<\/strong><\/p>\n<p>Cordialement Kiwanis ,<\/p>\n<p>Miguel<\/p>[\/et_pb_text][\/et_pb_column][\/et_pb_row][\/et_pb_section]\n","protected":false},"excerpt":{"rendered":"<p>Chers ami(e)s KIWANIE(NE)S, Aujourd\u2019hui marque le d\u00e9but de la nouvelle ann\u00e9e KIWANIS dans notre District BELGIQUE-LUXEMBOURG.Je remercie chacun d\u2019entre vous pour votre engagement. J\u2019ai bien s\u00fbr l\u2019intention de poursuivre les [&hellip;]<\/p>\n","protected":false},"author":14,"featured_media":2717,"parent":0,"menu_order":0,"comment_status":"closed","ping_status":"closed","template":"","meta":{"_et_pb_use_builder":"on","_et_pb_old_content":"","_et_gb_content_width":"","iawp_total_views":0,"footnotes":""},"class_list":["post-3248","page","type-page","status-publish","has-post-thumbnail","hentry"],"yoast_head":"<!-- This site is optimized with the Yoast SEO plugin v27.4 - https:\/\/yoast.com\/product\/yoast-seo-wordpress\/ -->\n<title>Message du Gouverneur - Kiwanis Belgium-Luxembourg<\/title>\n<meta name=\"robots\" content=\"noindex, follow, max-snippet:-1, max-image-preview:large, max-video-preview:-1\" \/>\n<meta property=\"og:locale\" content=\"nl_NL\" \/>\n<meta property=\"og:type\" content=\"article\" \/>\n<meta property=\"og:title\" content=\"Message du Gouverneur - Kiwanis Belgium-Luxembourg\" \/>\n<meta property=\"og:description\" content=\"Chers ami(e)s KIWANIE(NE)S, Aujourd\u2019hui marque le d\u00e9but de la nouvelle ann\u00e9e KIWANIS dans notre District BELGIQUE-LUXEMBOURG.Je remercie chacun d\u2019entre vous pour votre engagement. J\u2019ai bien s\u00fbr l\u2019intention de poursuivre les [&hellip;]\" \/>\n<meta property=\"og:url\" content=\"https:\/\/kiwanisbelux.site\/nl\/message-du-gouverneur\/\" \/>\n<meta property=\"og:site_name\" content=\"Kiwanis Belgium-Luxembourg\" \/>\n<meta property=\"article:modified_time\" content=\"2022-10-21T07:30:34+00:00\" \/>\n<meta property=\"og:image\" content=\"https:\/\/kiwanisbelux.site\/wp-content\/uploads\/2022\/10\/220917-Ploeg-22-23-3.jpg\" \/>\n\t<meta property=\"og:image:width\" content=\"1701\" \/>\n\t<meta property=\"og:image:height\" content=\"910\" \/>\n\t<meta property=\"og:image:type\" content=\"image\/jpeg\" \/>\n<meta name=\"twitter:card\" content=\"summary_large_image\" \/>\n<meta name=\"twitter:label1\" content=\"Geschatte leestijd\" \/>\n\t<meta name=\"twitter:data1\" content=\"2 minuten\" \/>\n<script type=\"application\/ld+json\" class=\"yoast-schema-graph\">{\"@context\":\"https:\\\/\\\/schema.org\",\"@graph\":[{\"@type\":\"WebPage\",\"@id\":\"https:\\\/\\\/kiwanisbelux.site\\\/nl\\\/message-du-gouverneur\\\/\",\"url\":\"https:\\\/\\\/kiwanisbelux.site\\\/nl\\\/message-du-gouverneur\\\/\",\"name\":\"Message du Gouverneur - Kiwanis Belgium-Luxembourg\",\"isPartOf\":{\"@id\":\"https:\\\/\\\/kiwanisbelux.site\\\/nl\\\/#website\"},\"primaryImageOfPage\":{\"@id\":\"https:\\\/\\\/kiwanisbelux.site\\\/nl\\\/message-du-gouverneur\\\/#primaryimage\"},\"image\":{\"@id\":\"https:\\\/\\\/kiwanisbelux.site\\\/nl\\\/message-du-gouverneur\\\/#primaryimage\"},\"thumbnailUrl\":\"https:\\\/\\\/kiwanisbelux.site\\\/wp-content\\\/uploads\\\/2022\\\/10\\\/220917-Ploeg-22-23-3.jpg\",\"datePublished\":\"2022-10-21T07:30:33+00:00\",\"dateModified\":\"2022-10-21T07:30:34+00:00\",\"breadcrumb\":{\"@id\":\"https:\\\/\\\/kiwanisbelux.site\\\/nl\\\/message-du-gouverneur\\\/#breadcrumb\"},\"inLanguage\":\"nl-NL\",\"potentialAction\":[{\"@type\":\"ReadAction\",\"target\":[\"https:\\\/\\\/kiwanisbelux.site\\\/nl\\\/message-du-gouverneur\\\/\"]}]},{\"@type\":\"ImageObject\",\"inLanguage\":\"nl-NL\",\"@id\":\"https:\\\/\\\/kiwanisbelux.site\\\/nl\\\/message-du-gouverneur\\\/#primaryimage\",\"url\":\"https:\\\/\\\/kiwanisbelux.site\\\/wp-content\\\/uploads\\\/2022\\\/10\\\/220917-Ploeg-22-23-3.jpg\",\"contentUrl\":\"https:\\\/\\\/kiwanisbelux.site\\\/wp-content\\\/uploads\\\/2022\\\/10\\\/220917-Ploeg-22-23-3.jpg\",\"width\":1701,\"height\":910},{\"@type\":\"BreadcrumbList\",\"@id\":\"https:\\\/\\\/kiwanisbelux.site\\\/nl\\\/message-du-gouverneur\\\/#breadcrumb\",\"itemListElement\":[{\"@type\":\"ListItem\",\"position\":1,\"name\":\"Home\",\"item\":\"https:\\\/\\\/kiwanisbelux.site\\\/nl\\\/\"},{\"@type\":\"ListItem\",\"position\":2,\"name\":\"Message du Gouverneur\"}]},{\"@type\":\"WebSite\",\"@id\":\"https:\\\/\\\/kiwanisbelux.site\\\/nl\\\/#website\",\"url\":\"https:\\\/\\\/kiwanisbelux.site\\\/nl\\\/\",\"name\":\"Kiwanis Belgium-Luxembourg\",\"description\":\"Serving the Children of the Worls\",\"publisher\":{\"@id\":\"https:\\\/\\\/kiwanisbelux.site\\\/nl\\\/#organization\"},\"potentialAction\":[{\"@type\":\"SearchAction\",\"target\":{\"@type\":\"EntryPoint\",\"urlTemplate\":\"https:\\\/\\\/kiwanisbelux.site\\\/nl\\\/?s={search_term_string}\"},\"query-input\":{\"@type\":\"PropertyValueSpecification\",\"valueRequired\":true,\"valueName\":\"search_term_string\"}}],\"inLanguage\":\"nl-NL\"},{\"@type\":\"Organization\",\"@id\":\"https:\\\/\\\/kiwanisbelux.site\\\/nl\\\/#organization\",\"name\":\"Kiwanis\",\"url\":\"https:\\\/\\\/kiwanisbelux.site\\\/nl\\\/\",\"logo\":{\"@type\":\"ImageObject\",\"inLanguage\":\"nl-NL\",\"@id\":\"https:\\\/\\\/kiwanisbelux.site\\\/nl\\\/#\\\/schema\\\/logo\\\/image\\\/\",\"url\":\"https:\\\/\\\/dev.kiwanisbelux.net\\\/wp-content\\\/uploads\\\/2021\\\/04\\\/kiwanis-logo@2x.png\",\"contentUrl\":\"https:\\\/\\\/dev.kiwanisbelux.net\\\/wp-content\\\/uploads\\\/2021\\\/04\\\/kiwanis-logo@2x.png\",\"width\":555,\"height\":100,\"caption\":\"Kiwanis\"},\"image\":{\"@id\":\"https:\\\/\\\/kiwanisbelux.site\\\/nl\\\/#\\\/schema\\\/logo\\\/image\\\/\"}}]}<\/script>\n<!-- \/ Yoast SEO plugin. -->","yoast_head_json":{"title":"Message du Gouverneur - Kiwanis Belgium-Luxembourg","robots":{"index":"noindex","follow":"follow","max-snippet":"max-snippet:-1","max-image-preview":"max-image-preview:large","max-video-preview":"max-video-preview:-1"},"og_locale":"nl_NL","og_type":"article","og_title":"Message du Gouverneur - Kiwanis Belgium-Luxembourg","og_description":"Chers ami(e)s KIWANIE(NE)S, Aujourd\u2019hui marque le d\u00e9but de la nouvelle ann\u00e9e KIWANIS dans notre District BELGIQUE-LUXEMBOURG.Je remercie chacun d\u2019entre vous pour votre engagement. J\u2019ai bien s\u00fbr l\u2019intention de poursuivre les [&hellip;]","og_url":"https:\/\/kiwanisbelux.site\/nl\/message-du-gouverneur\/","og_site_name":"Kiwanis Belgium-Luxembourg","article_modified_time":"2022-10-21T07:30:34+00:00","og_image":[{"width":1701,"height":910,"url":"https:\/\/kiwanisbelux.site\/wp-content\/uploads\/2022\/10\/220917-Ploeg-22-23-3.jpg","type":"image\/jpeg"}],"twitter_card":"summary_large_image","twitter_misc":{"Geschatte leestijd":"2 minuten"},"schema":{"@context":"https:\/\/schema.org","@graph":[{"@type":"WebPage","@id":"https:\/\/kiwanisbelux.site\/nl\/message-du-gouverneur\/","url":"https:\/\/kiwanisbelux.site\/nl\/message-du-gouverneur\/","name":"Message du Gouverneur - Kiwanis Belgium-Luxembourg","isPartOf":{"@id":"https:\/\/kiwanisbelux.site\/nl\/#website"},"primaryImageOfPage":{"@id":"https:\/\/kiwanisbelux.site\/nl\/message-du-gouverneur\/#primaryimage"},"image":{"@id":"https:\/\/kiwanisbelux.site\/nl\/message-du-gouverneur\/#primaryimage"},"thumbnailUrl":"https:\/\/kiwanisbelux.site\/wp-content\/uploads\/2022\/10\/220917-Ploeg-22-23-3.jpg","datePublished":"2022-10-21T07:30:33+00:00","dateModified":"2022-10-21T07:30:34+00:00","breadcrumb":{"@id":"https:\/\/kiwanisbelux.site\/nl\/message-du-gouverneur\/#breadcrumb"},"inLanguage":"nl-NL","potentialAction":[{"@type":"ReadAction","target":["https:\/\/kiwanisbelux.site\/nl\/message-du-gouverneur\/"]}]},{"@type":"ImageObject","inLanguage":"nl-NL","@id":"https:\/\/kiwanisbelux.site\/nl\/message-du-gouverneur\/#primaryimage","url":"https:\/\/kiwanisbelux.site\/wp-content\/uploads\/2022\/10\/220917-Ploeg-22-23-3.jpg","contentUrl":"https:\/\/kiwanisbelux.site\/wp-content\/uploads\/2022\/10\/220917-Ploeg-22-23-3.jpg","width":1701,"height":910},{"@type":"BreadcrumbList","@id":"https:\/\/kiwanisbelux.site\/nl\/message-du-gouverneur\/#breadcrumb","itemListElement":[{"@type":"ListItem","position":1,"name":"Home","item":"https:\/\/kiwanisbelux.site\/nl\/"},{"@type":"ListItem","position":2,"name":"Message du Gouverneur"}]},{"@type":"WebSite","@id":"https:\/\/kiwanisbelux.site\/nl\/#website","url":"https:\/\/kiwanisbelux.site\/nl\/","name":"Kiwanis Belgium-Luxembourg","description":"Serving the Children of the Worls","publisher":{"@id":"https:\/\/kiwanisbelux.site\/nl\/#organization"},"potentialAction":[{"@type":"SearchAction","target":{"@type":"EntryPoint","urlTemplate":"https:\/\/kiwanisbelux.site\/nl\/?s={search_term_string}"},"query-input":{"@type":"PropertyValueSpecification","valueRequired":true,"valueName":"search_term_string"}}],"inLanguage":"nl-NL"},{"@type":"Organization","@id":"https:\/\/kiwanisbelux.site\/nl\/#organization","name":"Kiwanis","url":"https:\/\/kiwanisbelux.site\/nl\/","logo":{"@type":"ImageObject","inLanguage":"nl-NL","@id":"https:\/\/kiwanisbelux.site\/nl\/#\/schema\/logo\/image\/","url":"https:\/\/dev.kiwanisbelux.net\/wp-content\/uploads\/2021\/04\/kiwanis-logo@2x.png","contentUrl":"https:\/\/dev.kiwanisbelux.net\/wp-content\/uploads\/2021\/04\/kiwanis-logo@2x.png","width":555,"height":100,"caption":"Kiwanis"},"image":{"@id":"https:\/\/kiwanisbelux.site\/nl\/#\/schema\/logo\/image\/"}}]}},"_links":{"self":[{"href":"https:\/\/kiwanisbelux.site\/nl\/wp-json\/wp\/v2\/pages\/3248","targetHints":{"allow":["GET"]}}],"collection":[{"href":"https:\/\/kiwanisbelux.site\/nl\/wp-json\/wp\/v2\/pages"}],"about":[{"href":"https:\/\/kiwanisbelux.site\/nl\/wp-json\/wp\/v2\/types\/page"}],"author":[{"embeddable":true,"href":"https:\/\/kiwanisbelux.site\/nl\/wp-json\/wp\/v2\/users\/14"}],"replies":[{"embeddable":true,"href":"https:\/\/kiwanisbelux.site\/nl\/wp-json\/wp\/v2\/comments?post=3248"}],"version-history":[{"count":0,"href":"https:\/\/kiwanisbelux.site\/nl\/wp-json\/wp\/v2\/pages\/3248\/revisions"}],"wp:featuredmedia":[{"embeddable":true,"href":"https:\/\/kiwanisbelux.site\/nl\/wp-json\/wp\/v2\/media\/2717"}],"wp:attachment":[{"href":"https:\/\/kiwanisbelux.site\/nl\/wp-json\/wp\/v2\/media?parent=3248"}],"curies":[{"name":"wp","href":"https:\/\/api.w.org\/{rel}","templated":true}]}}