{"id":3319,"date":"2022-10-21T09:53:57","date_gmt":"2022-10-21T07:53:57","guid":{"rendered":"https:\/\/dev.kiwanisbelux.net\/privacybelied\/"},"modified":"2022-10-21T09:53:57","modified_gmt":"2022-10-21T07:53:57","slug":"privacybelied","status":"publish","type":"page","link":"https:\/\/kiwanisbelux.site\/nl\/privacybelied\/","title":{"rendered":"Privacybelied"},"content":{"rendered":"\n[et_pb_section fb_built=&#8221;1&#8243; _builder_version=&#8221;4.16&#8243; global_colors_info=&#8221;{}&#8221; theme_builder_area=&#8221;post_content&#8221;][et_pb_row _builder_version=&#8221;4.18.0&#8243; _module_preset=&#8221;default&#8221; theme_builder_area=&#8221;post_content&#8221; column_structure=&#8221;1_2,1_2&#8243; hover_enabled=&#8221;0&#8243; sticky_enabled=&#8221;0&#8243;][et_pb_column _builder_version=&#8221;4.18.0&#8243; _module_preset=&#8221;default&#8221; type=&#8221;1_2&#8243; theme_builder_area=&#8221;post_content&#8221;][et_pb_text _builder_version=&#8221;4.18.0&#8243; _module_preset=&#8221;default&#8221; theme_builder_area=&#8221;post_content&#8221; hover_enabled=&#8221;0&#8243; sticky_enabled=&#8221;0&#8243;]<h4>COMMENTAIRE<\/h4>\n<p>Lorsque vous laissez un commentaire sur notre site, les donn\u00e9es saisies dans le formulaire de commentaire, ainsi que votre adresse IP et l&#8217;agent utilisateur de votre navigateur, sont collect\u00e9es pour nous aider \u00e0 d\u00e9tecter les commentaires ind\u00e9sirables.<\/p>\n<p>Une cha\u00eene anonyme faite \u00e0 partir de votre adresse e-mail (\u00e9galement connue sous le nom de hash) peut \u00eatre envoy\u00e9e au service Gravatar pour v\u00e9rifier votre utilisation. La politique de confidentialit\u00e9 du service Gravatar est disponible ici : https:\/\/automattic.com\/privacy\/. Apr\u00e8s avoir valid\u00e9 votre commentaire, votre photo de profil sera publiquement visible \u00e0 c\u00f4t\u00e9 de votre commentaire.<\/p>\n<h4>IMAGES<\/h4>\n<p>Si vous t\u00e9l\u00e9chargez des images sur le site, nous vous recommandons d&#8217;\u00e9viter de t\u00e9l\u00e9charger des images qui contiennent des donn\u00e9es EXIF ou des coordonn\u00e9es GPS. Les personnes qui visitent votre site peuvent t\u00e9l\u00e9charger et extraire des donn\u00e9es de localisation \u00e0 partir de ces images.<\/p>\n<h4>COOKIES<\/h4>\n<p>Si vous laissez un commentaire sur notre site, il vous sera demand\u00e9 d&#8217;enregistrer votre nom, votre adresse \u00e9lectronique et votre site dans des cookies. Ceci est uniquement pour votre commodit\u00e9, vous n&#8217;avez donc pas besoin d&#8217;entrer ces informations si vous laissez un autre commentaire plus tard. Ces cookies disparaissent apr\u00e8s un an.<\/p>\n<p>Lorsque vous acc\u00e9dez \u00e0 la page de connexion, un cookie temporaire est cr\u00e9\u00e9 pour d\u00e9terminer si votre navigateur accepte les cookies. Il ne contient aucune donn\u00e9e personnelle et est automatiquement supprim\u00e9 lorsque vous fermez votre navigateur.<\/p>\n<p>Lorsque vous vous connectez, nous d\u00e9finissons des cookies pour stocker vos donn\u00e9es de connexion et vos pr\u00e9f\u00e9rences d&#8217;\u00e9cran. La dur\u00e9e de vie d&#8217;un cookie de connexion est de deux jours, celle d&#8217;un cookie d&#8217;option d&#8217;\u00e9cran est d&#8217;un an. Si vous cochez la case &#8220;Se souvenir de moi&#8221;, votre cookie de connexion sera stock\u00e9 pendant une quinzaine de jours. Lorsque vous vous d\u00e9connectez de votre compte, le cookie de connexion est supprim\u00e9.<\/p>\n<p>Lorsque vous modifiez ou publiez une publication, un cookie suppl\u00e9mentaire est enregistr\u00e9 dans votre navigateur. Ce cookie ne contient pas d&#8217;informations personnelles. Il indique simplement l&#8217;ID de la publication que vous venez d&#8217;\u00e9diter. Il dispara\u00eet apr\u00e8s un jour.<\/p>\n<p>Traduit avec www.DeepL.com\/Translator (version gratuite)<\/p>[\/et_pb_text][\/et_pb_column][et_pb_column _builder_version=&#8221;4.18.0&#8243; _module_preset=&#8221;default&#8221; type=&#8221;1_2&#8243; theme_builder_area=&#8221;post_content&#8221;][et_pb_text _builder_version=&#8221;4.18.0&#8243; _module_preset=&#8221;default&#8221; theme_builder_area=&#8221;post_content&#8221; hover_enabled=&#8221;0&#8243; sticky_enabled=&#8221;0&#8243;]<h4>LE CONTENU D&#8217;AUTRES SITES<\/h4>\n<p>Les articles de ce site peuvent contenir du contenu int\u00e9gr\u00e9 (par exemple, des vid\u00e9os, des images, des articles&#8230;). Le contenu int\u00e9gr\u00e9 d&#8217;autres sites se comporte de la m\u00eame mani\u00e8re que si le visiteur se trouvait sur cet autre site. Ces sites web peuvent recueillir des donn\u00e9es vous concernant, utiliser des cookies, int\u00e9grer des outils de suivi tiers, suivre vos interactions avec ce contenu int\u00e9gr\u00e9 si vous avez un compte connect\u00e9 sur leur site web.<\/p>\n<h4>UTILISATION ET TRANSFERT DE VOS DONN\u00c9ES PERSONNELLES<\/h4>\n<p>Si vous faites une demande de r\u00e9initialisation de votre mot de passe, votre adresse IP sera fournie dans l&#8217;e-mail de r\u00e9initialisation.<\/p>\n<h4>COMBIEN DE TEMPS VOS DONN\u00c9ES SERONT-ELLES CONSERV\u00c9ES ?<\/h4>\n<p>Si vous laissez un commentaire, le commentaire et les m\u00e9tadonn\u00e9es seront conserv\u00e9s ind\u00e9finiment. Ainsi, les commentaires ult\u00e9rieurs sont automatiquement reconnus et approuv\u00e9s au lieu de rester dans la file d&#8217;attente de mod\u00e9ration.Pour les comptes qui s&#8217;inscrivent sur notre site (le cas \u00e9ch\u00e9ant), nous stockons \u00e9galement les informations personnelles fournies dans leur profil. Tous les comptes peuvent consulter, modifier ou supprimer leurs informations personnelles \u00e0 tout moment (sauf leur login). Les administrateurs du site peuvent \u00e9galement voir et modifier ces informations.<\/p>\n<h4>LES DROITS DONT VOUS DISPOSEZ CONCERNANT VOS DONN\u00c9ES<\/h4>\n<p>Si vous avez un compte ou si vous avez laiss\u00e9 des commentaires sur le site, vous pouvez demander un fichier contenant toutes les informations personnelles que nous d\u00e9tenons \u00e0 votre sujet, y compris les informations que vous nous avez fournies. Vous pouvez \u00e9galement demander la suppression de vos donn\u00e9es personnelles. Cela ne comprend pas les donn\u00e9es stock\u00e9es \u00e0 des fins administratives, juridiques ou de s\u00e9curit\u00e9.<\/p>\n<h4>LA TRANSMISSION DE VOS DONN\u00c9ES PERSONNELLES<\/h4>\n<p>Les commentaires des visiteurs peuvent \u00eatre contr\u00f4l\u00e9s \u00e0 l&#8217;aide d&#8217;un service automatis\u00e9 de pr\u00e9vention du spam.<\/p>[\/et_pb_text][\/et_pb_column][\/et_pb_row][\/et_pb_section]\n","protected":false},"excerpt":{"rendered":"<p>COMMENTAIRE Lorsque vous laissez un commentaire sur notre site, les donn\u00e9es saisies dans le formulaire de commentaire, ainsi que votre adresse IP et l&#8217;agent utilisateur de votre navigateur, sont collect\u00e9es [&hellip;]<\/p>\n","protected":false},"author":14,"featured_media":2699,"parent":0,"menu_order":0,"comment_status":"closed","ping_status":"closed","template":"","meta":{"_et_pb_use_builder":"on","_et_pb_old_content":"","_et_gb_content_width":"","iawp_total_views":0,"footnotes":""},"class_list":["post-3319","page","type-page","status-publish","has-post-thumbnail","hentry"],"yoast_head":"<!-- This site is optimized with the Yoast SEO plugin v27.4 - https:\/\/yoast.com\/product\/yoast-seo-wordpress\/ -->\n<title>Privacybelied - Kiwanis Belgium-Luxembourg<\/title>\n<meta name=\"robots\" content=\"noindex, follow, max-snippet:-1, max-image-preview:large, max-video-preview:-1\" \/>\n<meta property=\"og:locale\" content=\"nl_NL\" \/>\n<meta property=\"og:type\" content=\"article\" \/>\n<meta property=\"og:title\" content=\"Privacybelied - Kiwanis Belgium-Luxembourg\" \/>\n<meta property=\"og:description\" content=\"COMMENTAIRE Lorsque vous laissez un commentaire sur notre site, les donn\u00e9es saisies dans le formulaire de commentaire, ainsi que votre adresse IP et l&#039;agent utilisateur de votre navigateur, sont collect\u00e9es [&hellip;]\" \/>\n<meta property=\"og:url\" content=\"https:\/\/kiwanisbelux.site\/nl\/privacybelied\/\" \/>\n<meta property=\"og:site_name\" content=\"Kiwanis Belgium-Luxembourg\" \/>\n<meta property=\"og:image\" content=\"https:\/\/kiwanisbelux.site\/wp-content\/uploads\/2022\/10\/AdobeStock_486852852.jpg\" \/>\n\t<meta property=\"og:image:width\" content=\"1701\" \/>\n\t<meta property=\"og:image:height\" content=\"748\" \/>\n\t<meta property=\"og:image:type\" content=\"image\/jpeg\" \/>\n<meta name=\"twitter:card\" content=\"summary_large_image\" \/>\n<meta name=\"twitter:label1\" content=\"Geschatte leestijd\" \/>\n\t<meta name=\"twitter:data1\" content=\"4 minuten\" \/>\n<script type=\"application\/ld+json\" class=\"yoast-schema-graph\">{\"@context\":\"https:\\\/\\\/schema.org\",\"@graph\":[{\"@type\":\"WebPage\",\"@id\":\"https:\\\/\\\/kiwanisbelux.site\\\/nl\\\/privacybelied\\\/\",\"url\":\"https:\\\/\\\/kiwanisbelux.site\\\/nl\\\/privacybelied\\\/\",\"name\":\"Privacybelied - Kiwanis Belgium-Luxembourg\",\"isPartOf\":{\"@id\":\"https:\\\/\\\/kiwanisbelux.site\\\/nl\\\/#website\"},\"primaryImageOfPage\":{\"@id\":\"https:\\\/\\\/kiwanisbelux.site\\\/nl\\\/privacybelied\\\/#primaryimage\"},\"image\":{\"@id\":\"https:\\\/\\\/kiwanisbelux.site\\\/nl\\\/privacybelied\\\/#primaryimage\"},\"thumbnailUrl\":\"https:\\\/\\\/kiwanisbelux.site\\\/wp-content\\\/uploads\\\/2022\\\/10\\\/AdobeStock_486852852.jpg\",\"datePublished\":\"2022-10-21T07:53:57+00:00\",\"breadcrumb\":{\"@id\":\"https:\\\/\\\/kiwanisbelux.site\\\/nl\\\/privacybelied\\\/#breadcrumb\"},\"inLanguage\":\"nl-NL\",\"potentialAction\":[{\"@type\":\"ReadAction\",\"target\":[\"https:\\\/\\\/kiwanisbelux.site\\\/nl\\\/privacybelied\\\/\"]}]},{\"@type\":\"ImageObject\",\"inLanguage\":\"nl-NL\",\"@id\":\"https:\\\/\\\/kiwanisbelux.site\\\/nl\\\/privacybelied\\\/#primaryimage\",\"url\":\"https:\\\/\\\/kiwanisbelux.site\\\/wp-content\\\/uploads\\\/2022\\\/10\\\/AdobeStock_486852852.jpg\",\"contentUrl\":\"https:\\\/\\\/kiwanisbelux.site\\\/wp-content\\\/uploads\\\/2022\\\/10\\\/AdobeStock_486852852.jpg\",\"width\":1701,\"height\":748,\"caption\":\"Big collage of many multiracial business successful people of different age looking at camera. Business group of smiling successful faces on a screen of computer or laptop. Online business meeting\"},{\"@type\":\"BreadcrumbList\",\"@id\":\"https:\\\/\\\/kiwanisbelux.site\\\/nl\\\/privacybelied\\\/#breadcrumb\",\"itemListElement\":[{\"@type\":\"ListItem\",\"position\":1,\"name\":\"Home\",\"item\":\"https:\\\/\\\/kiwanisbelux.site\\\/nl\\\/\"},{\"@type\":\"ListItem\",\"position\":2,\"name\":\"Privacybelied\"}]},{\"@type\":\"WebSite\",\"@id\":\"https:\\\/\\\/kiwanisbelux.site\\\/nl\\\/#website\",\"url\":\"https:\\\/\\\/kiwanisbelux.site\\\/nl\\\/\",\"name\":\"Kiwanis Belgium-Luxembourg\",\"description\":\"Serving the Children of the Worls\",\"publisher\":{\"@id\":\"https:\\\/\\\/kiwanisbelux.site\\\/nl\\\/#organization\"},\"potentialAction\":[{\"@type\":\"SearchAction\",\"target\":{\"@type\":\"EntryPoint\",\"urlTemplate\":\"https:\\\/\\\/kiwanisbelux.site\\\/nl\\\/?s={search_term_string}\"},\"query-input\":{\"@type\":\"PropertyValueSpecification\",\"valueRequired\":true,\"valueName\":\"search_term_string\"}}],\"inLanguage\":\"nl-NL\"},{\"@type\":\"Organization\",\"@id\":\"https:\\\/\\\/kiwanisbelux.site\\\/nl\\\/#organization\",\"name\":\"Kiwanis\",\"url\":\"https:\\\/\\\/kiwanisbelux.site\\\/nl\\\/\",\"logo\":{\"@type\":\"ImageObject\",\"inLanguage\":\"nl-NL\",\"@id\":\"https:\\\/\\\/kiwanisbelux.site\\\/nl\\\/#\\\/schema\\\/logo\\\/image\\\/\",\"url\":\"https:\\\/\\\/dev.kiwanisbelux.net\\\/wp-content\\\/uploads\\\/2021\\\/04\\\/kiwanis-logo@2x.png\",\"contentUrl\":\"https:\\\/\\\/dev.kiwanisbelux.net\\\/wp-content\\\/uploads\\\/2021\\\/04\\\/kiwanis-logo@2x.png\",\"width\":555,\"height\":100,\"caption\":\"Kiwanis\"},\"image\":{\"@id\":\"https:\\\/\\\/kiwanisbelux.site\\\/nl\\\/#\\\/schema\\\/logo\\\/image\\\/\"}}]}<\/script>\n<!-- \/ Yoast SEO plugin. -->","yoast_head_json":{"title":"Privacybelied - Kiwanis Belgium-Luxembourg","robots":{"index":"noindex","follow":"follow","max-snippet":"max-snippet:-1","max-image-preview":"max-image-preview:large","max-video-preview":"max-video-preview:-1"},"og_locale":"nl_NL","og_type":"article","og_title":"Privacybelied - Kiwanis Belgium-Luxembourg","og_description":"COMMENTAIRE Lorsque vous laissez un commentaire sur notre site, les donn\u00e9es saisies dans le formulaire de commentaire, ainsi que votre adresse IP et l'agent utilisateur de votre navigateur, sont collect\u00e9es [&hellip;]","og_url":"https:\/\/kiwanisbelux.site\/nl\/privacybelied\/","og_site_name":"Kiwanis Belgium-Luxembourg","og_image":[{"width":1701,"height":748,"url":"https:\/\/kiwanisbelux.site\/wp-content\/uploads\/2022\/10\/AdobeStock_486852852.jpg","type":"image\/jpeg"}],"twitter_card":"summary_large_image","twitter_misc":{"Geschatte leestijd":"4 minuten"},"schema":{"@context":"https:\/\/schema.org","@graph":[{"@type":"WebPage","@id":"https:\/\/kiwanisbelux.site\/nl\/privacybelied\/","url":"https:\/\/kiwanisbelux.site\/nl\/privacybelied\/","name":"Privacybelied - Kiwanis Belgium-Luxembourg","isPartOf":{"@id":"https:\/\/kiwanisbelux.site\/nl\/#website"},"primaryImageOfPage":{"@id":"https:\/\/kiwanisbelux.site\/nl\/privacybelied\/#primaryimage"},"image":{"@id":"https:\/\/kiwanisbelux.site\/nl\/privacybelied\/#primaryimage"},"thumbnailUrl":"https:\/\/kiwanisbelux.site\/wp-content\/uploads\/2022\/10\/AdobeStock_486852852.jpg","datePublished":"2022-10-21T07:53:57+00:00","breadcrumb":{"@id":"https:\/\/kiwanisbelux.site\/nl\/privacybelied\/#breadcrumb"},"inLanguage":"nl-NL","potentialAction":[{"@type":"ReadAction","target":["https:\/\/kiwanisbelux.site\/nl\/privacybelied\/"]}]},{"@type":"ImageObject","inLanguage":"nl-NL","@id":"https:\/\/kiwanisbelux.site\/nl\/privacybelied\/#primaryimage","url":"https:\/\/kiwanisbelux.site\/wp-content\/uploads\/2022\/10\/AdobeStock_486852852.jpg","contentUrl":"https:\/\/kiwanisbelux.site\/wp-content\/uploads\/2022\/10\/AdobeStock_486852852.jpg","width":1701,"height":748,"caption":"Big collage of many multiracial business successful people of different age looking at camera. Business group of smiling successful faces on a screen of computer or laptop. Online business meeting"},{"@type":"BreadcrumbList","@id":"https:\/\/kiwanisbelux.site\/nl\/privacybelied\/#breadcrumb","itemListElement":[{"@type":"ListItem","position":1,"name":"Home","item":"https:\/\/kiwanisbelux.site\/nl\/"},{"@type":"ListItem","position":2,"name":"Privacybelied"}]},{"@type":"WebSite","@id":"https:\/\/kiwanisbelux.site\/nl\/#website","url":"https:\/\/kiwanisbelux.site\/nl\/","name":"Kiwanis Belgium-Luxembourg","description":"Serving the Children of the Worls","publisher":{"@id":"https:\/\/kiwanisbelux.site\/nl\/#organization"},"potentialAction":[{"@type":"SearchAction","target":{"@type":"EntryPoint","urlTemplate":"https:\/\/kiwanisbelux.site\/nl\/?s={search_term_string}"},"query-input":{"@type":"PropertyValueSpecification","valueRequired":true,"valueName":"search_term_string"}}],"inLanguage":"nl-NL"},{"@type":"Organization","@id":"https:\/\/kiwanisbelux.site\/nl\/#organization","name":"Kiwanis","url":"https:\/\/kiwanisbelux.site\/nl\/","logo":{"@type":"ImageObject","inLanguage":"nl-NL","@id":"https:\/\/kiwanisbelux.site\/nl\/#\/schema\/logo\/image\/","url":"https:\/\/dev.kiwanisbelux.net\/wp-content\/uploads\/2021\/04\/kiwanis-logo@2x.png","contentUrl":"https:\/\/dev.kiwanisbelux.net\/wp-content\/uploads\/2021\/04\/kiwanis-logo@2x.png","width":555,"height":100,"caption":"Kiwanis"},"image":{"@id":"https:\/\/kiwanisbelux.site\/nl\/#\/schema\/logo\/image\/"}}]}},"_links":{"self":[{"href":"https:\/\/kiwanisbelux.site\/nl\/wp-json\/wp\/v2\/pages\/3319","targetHints":{"allow":["GET"]}}],"collection":[{"href":"https:\/\/kiwanisbelux.site\/nl\/wp-json\/wp\/v2\/pages"}],"about":[{"href":"https:\/\/kiwanisbelux.site\/nl\/wp-json\/wp\/v2\/types\/page"}],"author":[{"embeddable":true,"href":"https:\/\/kiwanisbelux.site\/nl\/wp-json\/wp\/v2\/users\/14"}],"replies":[{"embeddable":true,"href":"https:\/\/kiwanisbelux.site\/nl\/wp-json\/wp\/v2\/comments?post=3319"}],"version-history":[{"count":0,"href":"https:\/\/kiwanisbelux.site\/nl\/wp-json\/wp\/v2\/pages\/3319\/revisions"}],"wp:featuredmedia":[{"embeddable":true,"href":"https:\/\/kiwanisbelux.site\/nl\/wp-json\/wp\/v2\/media\/2699"}],"wp:attachment":[{"href":"https:\/\/kiwanisbelux.site\/nl\/wp-json\/wp\/v2\/media?parent=3319"}],"curies":[{"name":"wp","href":"https:\/\/api.w.org\/{rel}","templated":true}]}}